{"id":141,"date":"2025-02-27T17:00:17","date_gmt":"2025-02-27T16:00:17","guid":{"rendered":"https:\/\/gi-profiboden.de\/in\/?page_id=141"},"modified":"2025-02-28T16:35:48","modified_gmt":"2025-02-28T15:35:48","slug":"team","status":"publish","type":"page","link":"https:\/\/gi-profiboden.de\/in\/team\/","title":{"rendered":"Team"},"content":{"rendered":"<h1>Unser Team<\/h1>\n<p>Unser Team bei <strong>Gi Profiboden<\/strong> besteht aus erfahrenen Fachkr\u00e4ften, die mit Leidenschaft und Pr\u00e4zision arbeiten. Gemeinsam setzen wir Projekte jeder Gr\u00f6\u00dfenordnung um \u2013 vom privaten Wohnbereich bis hin zu gro\u00dffl\u00e4chigen Gewerbeobjekten. Lernen Sie uns kennen!<\/p>\n<h2>Gjevdet Izlamaj \u2013 Inhaber<\/h2>\n<p>Als Gr\u00fcnder von Gi Profiboden bringt Gjevdet Izlamaj \u00fcber 25 Jahre Erfahrung in der Bodenverlegung mit. Sein Fachwissen und seine pr\u00e4zise Arbeitsweise sind die Grundlage unseres Erfolgs. Er steht f\u00fcr Qualit\u00e4t, Termintreue und innovative L\u00f6sungen in der Bodengestaltung.<\/p>\n<h2>Unser Profi-Team<\/h2>\n<ul>\n<li><strong>Bodenleger-Experten:<\/strong> Unser Team aus geschulten Handwerkern sorgt f\u00fcr perfekte Verlegung und langlebige Ergebnisse.<\/li>\n<li><strong>Planungs- und Beratungsspezialisten:<\/strong> Wir helfen Ihnen, den idealen Boden f\u00fcr Ihre Anforderungen zu finden \u2013 funktional, stilvoll und nachhaltig.<\/li>\n<li><strong>Techniker f\u00fcr Untergrundvorbereitung:<\/strong> Ein solider Untergrund ist essenziell f\u00fcr einen perfekten Boden. Unsere Experten \u00fcbernehmen Schleifarbeiten, Spachtelungen und Sanierungen.<\/li>\n<\/ul>\n<h2>Gemeinsam zum perfekten Boden<\/h2>\n<p>Ob Neubau oder Renovierung \u2013 unser Team sorgt daf\u00fcr, dass Ihr Boden nicht nur gut aussieht, sondern auch den h\u00f6chsten Anforderungen entspricht. Vertrauen Sie auf unsere Erfahrung und unser handwerkliches K\u00f6nnen.<\/p>\n<h2>Kontakt<\/h2>\n<p>Haben Sie Fragen oder m\u00f6chten Sie ein Projekt mit uns besprechen? Wir freuen uns auf Ihre Anfrage!<\/p>\n<p><strong>Gi Profiboden<\/strong><br \/>\nLudwigstra\u00dfe 48, 63263 Neu-Isenburg<br \/>\nTel: 06102 70 88 46 | E-Mail: <a href=\"mailto:info@gi-profiboden.de\">info@gi-profiboden.de<\/a><\/p>\n","protected":false},"excerpt":{"rendered":"<p>Unser Team Unser Team bei Gi Profiboden besteht aus erfahrenen Fachkr\u00e4ften, die mit Leidenschaft und Pr\u00e4zision arbeiten. Gemeinsam setzen wir Projekte jeder Gr\u00f6\u00dfenordnung um \u2013 vom privaten Wohnbereich bis hin zu gro\u00dffl\u00e4chigen Gewerbeobjekten. Lernen Sie uns kennen! Gjevdet Izlamaj \u2013 Inhaber Als Gr\u00fcnder von Gi Profiboden bringt Gjevdet Izlamaj \u00fcber 25 Jahre Erfahrung in der&hellip;&nbsp;<a href=\"https:\/\/gi-profiboden.de\/in\/team\/\" rel=\"bookmark\">Mehr lesen &raquo;<span class=\"screen-reader-text\">Team<\/span><\/a><\/p>\n","protected":false},"author":1,"featured_media":0,"parent":0,"menu_order":0,"comment_status":"closed","ping_status":"closed","template":"","meta":{"neve_meta_sidebar":"","neve_meta_container":"","neve_meta_enable_content_width":"off","neve_meta_content_width":100,"neve_meta_title_alignment":"","neve_meta_author_avatar":"","neve_post_elements_order":"","neve_meta_disable_header":"","neve_meta_disable_footer":"","neve_meta_disable_title":"","neve_meta_reading_time":"","footnotes":""},"class_list":["post-141","page","type-page","status-publish","hentry"],"aioseo_notices":[],"_links":{"self":[{"href":"https:\/\/gi-profiboden.de\/in\/wp-json\/wp\/v2\/pages\/141","targetHints":{"allow":["GET"]}}],"collection":[{"href":"https:\/\/gi-profiboden.de\/in\/wp-json\/wp\/v2\/pages"}],"about":[{"href":"https:\/\/gi-profiboden.de\/in\/wp-json\/wp\/v2\/types\/page"}],"author":[{"embeddable":true,"href":"https:\/\/gi-profiboden.de\/in\/wp-json\/wp\/v2\/users\/1"}],"replies":[{"embeddable":true,"href":"https:\/\/gi-profiboden.de\/in\/wp-json\/wp\/v2\/comments?post=141"}],"version-history":[{"count":0,"href":"https:\/\/gi-profiboden.de\/in\/wp-json\/wp\/v2\/pages\/141\/revisions"}],"wp:attachment":[{"href":"https:\/\/gi-profiboden.de\/in\/wp-json\/wp\/v2\/media?parent=141"}],"curies":[{"name":"wp","href":"https:\/\/api.w.org\/{rel}","templated":true}]}}